{"id":1486,"date":"2019-05-31T11:23:01","date_gmt":"2019-05-31T11:23:01","guid":{"rendered":"https:\/\/richtfunk-hg.de\/?page_id=1486"},"modified":"2019-05-31T11:23:01","modified_gmt":"2019-05-31T11:23:01","slug":"tipps-fuer-eltern","status":"publish","type":"page","link":"https:\/\/richtfunk-hg.de\/?page_id=1486","title":{"rendered":"Tipps f\u00fcr Eltern"},"content":{"rendered":"\n<p>Nachfolgend ein paar Tipps und Anregungen, wie Sie Ihre Kinder besser  vor den Fallen im Internet sch\u00fctzen k\u00f6nnen. Wir haben selbst Kinder im  &#8222;surff\u00e4higen&#8220; Alter. Diese Anregungen beruhen deshalb auf eigenen  Erfahrungen und stellen unsere pers\u00f6nliche Meinung dar. Letztendlich ist  es aber Ihre Entscheidung, ob Sie die aufgef\u00fchrten Punkte umsetzen oder  nicht. Wir m\u00f6chten mit dieser Seite das Bewusstsein und die  Verantwortung, die Sie als Eltern haben, sch\u00e4rfen. Betrachten Sie es als  eine Anregung.<br><br>Kinder und Jugendliche haben im Gegensatz zu uns  Erwachsenen nicht das notwendige und ausgepr\u00e4gte Rechtsempfinden,  welches f\u00fcr das Internet notwendig ist. Das f\u00e4ngt schon damit an, dass  Kinder und Jugendliche auf alle Seiten Zugriff haben, die es im Internet  gibt und nicht wirklich erkennen k\u00f6nnen, welche Seiten \u201eeinwandfrei\u201c  sind. Dazu geh\u00f6ren so genannte ABO-Fallen, Seiten mit jugendgef\u00e4hrdenden  Inhalten (rechtsradikal, pornografisch, Chat-R\u00e4ume, usw.) sowie  illegale Musik- und Videodownloads.  Selbst Seiten wie www.youtube.de sind nicht wirklich jugendkonform. Oft  werden dort oder in Sch\u00fclerforen Klassenkameraden regelrecht und  absolut gesetzeswidrig gemobbt. Dies kann zum Teil sogar soweit gehen,  dass gemobbte Sch\u00fcler nicht mehr in die Schule gehen wollten oder an  Suizid denken.<br><br>Deshalb unser dringender Rat: Achten Sie darauf,  welche Seiten Ihr Kind aufruft. Gehen Sie diese Seiten zusammen mit  Ihrem Kind am Anfang durch. F\u00fcr Kinder bis 10 Jahre sind Seiten wie <a rel=\"noreferrer noopener\" aria-label=\" (\u00f6ffnet in neuem Tab)\" href=\"http:\/\/www.die-maus.de\" target=\"_blank\">www.die-maus.de<\/a> oder <a rel=\"noreferrer noopener\" aria-label=\" (\u00f6ffnet in neuem Tab)\" href=\"http:\/\/www.loewenzahn.de\" target=\"_blank\">www.loewenzahn.de<\/a> sehr lehrreich und f\u00fcr den Anfang v\u00f6llig ausreichend.<br><br>Grunds\u00e4tzlich  gilt: Vorsicht bei Foren jeder Art! Wenn Ihr Kind auf Foren oder  Chat-Rooms besteht, dann bitte darauf achten, dass diese moderiert sind.  D.h. ein oder mehrere Erwachsene \u00fcberwachen den Inhalt der Textbeitr\u00e4ge  der minderj\u00e4hrigen Teilnehmer. Beachten Sie bitte, dass es leider keine  Seltenheit ist, dass p\u00e4dophilie Erwachsende Jugendforen als Plattform  benutzen, um dort Erstkontakte zu Kindern herzustellen.<br><br>Ein moderiertes Forum f\u00fcr Kinder ist z.B. <a rel=\"noreferrer noopener\" aria-label=\" (\u00f6ffnet in neuem Tab)\" href=\"http:\/\/www.knuddels.de\" target=\"_blank\">www.knuddels.de<\/a>.  Andere Foren sind auch moderiert, aber diese m\u00fcssten Sie selbst noch  verifizieren. Nehmen Sie dieses Problem bitte nicht auf die leichte  Schulter und denken Sie nicht, &#8222;dass alles schon seine Ordnung hat&#8220;.  Wenn Kinder im Internet schlechte Erfahrungen\u00a0 gemacht haben oder  irgendetwas falsch machten sind Sie die letzten, die davon erfahren.  Dies ist leider eine Erfahrung, von der uns viele Betroffene immer  wieder berichtet haben.<br><br>Beliebte Foren wie z.B. www.schuelervz.de  sind nur f\u00fcr Sch\u00fcler zug\u00e4nglich und Sie als Eltern haben keinen Zugriff  auf das, was Ihre Kinder dort reden bzw. chatten. Alleine die Tatsache,  dass der Betreiber dieser Seite keine M\u00f6glichkeit zul\u00e4sst, dass Eltern  \u00fcberpr\u00fcfen k\u00f6nnen, was dort an Informationen ausgetauscht wird, stimmt  uns sehr nachdenklich. Wir wissen beispielsweise von einem  Schuldirektor, dass in einem dieser Foren eine Sch\u00fclerin von ihren  Klassen- und Schulkameraden stark gemobbt wurde. Eine Kontrolle durch  den Forenbetreiber fand nicht statt. Erst durch das energische  Eingreifen des Direktors wurden die beleidigenden Beitr\u00e4ge entfernt. In  diesen Foren k\u00f6nnen ihre Kinder auch Bilder von sich &#8222;hochladen&#8220;, so  dass sie f\u00fcr andere sichtbar sind. Diese Bilder k\u00f6nnen von allen kopiert  oder missbraucht werden. Kinder haben keine Vorstellung, wer diese  Fotos alles sehen kann, bzw. Sie als Eltern werden diese Bilder niemals  wieder aus dem Internet entfernen k\u00f6nnen. Was einmal im Internet  abgelegt wurde, taucht\u00a0 immer wieder irgendwo auf. Auch nach Jahren  noch&#8230;<br><br>Setzen Sie auf jeden Fall einen Virenscanner ein.<\/p>\n\n\n\n<p><br>Chat-Programme  wie ICQ oder MSN werden von Kindern ebenfalls gerne genutzt. Bitte  beachten Sie hierbei, dass diese Programme mit gezielter Werbung  finanziert werden und den unn\u00f6tigen Konsumwunsch der Kinder deutlich  f\u00f6rdern. Durch die systematische Werbung wird Ihrem Kind suggeriert,  dass der Besitz bestimmter Artikel unerl\u00e4sslich ist, weil man sonst  nicht wirklich dazu geh\u00f6rt. Ziel dieser Werbung ist es einzig und  alleine eine konstante Unzufriedenheit zu schaffen und damit die  Kauflust zu steigern. Dies f\u00fchrt auch zu verst\u00e4rken Spannungen zu Hause  zwischen Eltern und Kindern.<\/p>\n\n\n\n<p>Es  gibt Kinderschutzprogramme welche Ihnen erm\u00f6glichen die  Internetnutzung einzuschr\u00e4nken bzw. zu \u00fcberwachen. Z\u00f6gern Sie nicht  diese einzusetzen.<br><br><a rel=\"noreferrer noopener\" aria-label=\" (\u00f6ffnet in neuem Tab)\" href=\"https:\/\/salfeld.de\/\" target=\"_blank\">Kindersicherung<\/a> (sehr empfehlenswert) oder <a rel=\"noreferrer noopener\" aria-label=\" (\u00f6ffnet in neuem Tab)\" href=\"https:\/\/www.netnanny.com\/\" target=\"_blank\">Net Nanny<\/a> (kostenpflichtige Schutzprogramme) <a rel=\"noreferrer noopener\" aria-label=\" (\u00f6ffnet in neuem Tab)\" href=\"http:\/\/www.fragfinn.de\" target=\"_blank\">www.fragfinn.de<\/a> (Webseiten Empfehlungen).<br><br>Achten  Sie darauf, dass Ihre Kinder so genannte Onlinespiele nur dann nutzen  d\u00fcrfen, wenn diese durch die Eltern, also Sie, gepr\u00fcft wurden. Im  Internet gibt es unz\u00e4hlige Online-Spiele, die Gewalt verherrlichen. Dies  gilt auch f\u00fcr die Rollenspiele. Dabei nimmt jeder Teilnehmer eine Rolle  ein und &#8222;spielt&#8220; gegen andere Teilnehmer. Auch dieses Thema sollte  vorher mit Ihrem Kind klar besprochen werden. Oft wird dort Gewalt jeder  Art verherrlicht.<br><br>Achten Sie auf Software, die Ihr Kind auf dem PC installiert. Sie kann Schadsoftware enthalten oder Urheberrechte verletzten!<br><br>Musiktauschb\u00f6rsen,  auch Peer To Peer Software genannt (Emule, Edonkey, Bittorent usw.)  beinhalten fast immer Software oder Musik\/Videos, die Urheberrechte  verletzen. Die Film- und Musikindustrie hat einen Zusammenschluss  durchgef\u00fchrt und besch\u00e4ftigt Firmen, die den ganzen Tag nichts anderes  machen, als im Internet nach illegalen Anbietern von gesch\u00fctzten  Inhalten zu suchen. Es gibt inzwischen zudem unz\u00e4hlige Anwaltsb\u00fcros, die  sich auf das &#8222;Abmahnen&#8220; von Urheberrechtsverletzungen spezialisiert  haben. Diese Abmahnungen kosten Ihr Geld und Sie kommen aus den  teilweise horrenden Forderungen nicht heraus.\u00a0 Wir haben diesbez\u00fcglich  immer wieder Anfragen und leiten ggf. aufgrund unserer gesetzlichen  Verpflichtung die Adressen unserer Kunden an die Polizei weiter. Dies  kann dann eine weitere Verfolgung bis hin zur Hausdurchsuchung und  Beschlagnahmung der PC\u00b4s nach sich ziehen.<br><br>Bei so genannten  ABO-Fallen werden die Kinder \u00fcber versteckte AGB\u00b4s auf Seiten geleitet,  die kostenpflichtig sind. Diese ABO\u00b4s sind zwar meistens leicht k\u00fcndbar  und haben oft keine Rechtsgrundlage, aber Sie sind diejenigen, die sich  mit dem ganzen \u00c4rger auseinandersetzen m\u00fcssen. Vermitteln Sie Ihrem Kind  ein, dass NIEMAND im Internet den Namen oder Ihre Adresse ben\u00f6tigt, um  Ihnen ein Abo zu verkaufen. Ein Maus-Klick reicht v\u00f6llig aus. Jeder  hinterl\u00e4sst Spuren im Internet und diese gen\u00fcgen v\u00f6llig um eindeutig  festzustellen, wer zu welchem Zeitpunkt eine Seite aufgerufen oder  best\u00e4tigt hat.<br><br>Es kommt in Sch\u00fcler-Foren immer wieder vor, dass  viele Kinder einer Schule sich ein &#8222;Opfer&#8220; aus dem Freundeskreis oder  der Schule aussuchen und es regelrecht mit negativen Beitr\u00e4gen und  falschen Behauptungen mobben. Glauben Sie uns, Sie k\u00f6nnen sich nicht  vorstellen, was den Kindern alles einf\u00e4llt, um einen Freund\/Mitsch\u00fcler  zu diffamieren. Leider ist den Kindern nicht wirklich klar, was sie  damit anrichten k\u00f6nnen. Die mobbenden Kinder finden das &#8222;einfach nur  cool&#8220;.<br>Beschr\u00e4nken  Sie auch grunds\u00e4tzlich die Zeit am PC und beim Surfen. Im Interesse  einer ausreichenden Nachtruhe sollten die Kinder sp\u00e4testens 45 Minuten  vor dem Schlafen gehen den PC bzw. das Internet abschalten. Die Kinder  sind sonst zum Teil zu aufgedreht und schlafen dann nicht gleich ein.  Schlafmangel wiederum f\u00fchrt ggf. zu schlechten Leistungen in der Schule.  Wir haben festgestellt, dass eine Limitierung oder gar eine Sperrung  des Internets die Kinder unter dem Strich entspannter durch das Leben  gehen l\u00e4sst und Sie als Eltern weniger das Angriffsopfer f\u00fcr Ihre Kinder  sind, da die innere Zufriedenheit Ihrer Kinder steigt. Eine Begrenzung  des PC\u00b4s f\u00fchrt auch zur vermehrten Eigeninitiative der Kinder, da sie  sich dann mit sich selbst besch\u00e4ftigen m\u00fcssen und dadurch die  Kreativit\u00e4t steigt. Eine Dauerberieselung durch PC und Fernseher f\u00fchrt  dagegen zu Tr\u00e4gheit und Unausgeglichenheit. Bedenken Sie, dass Ihre  Kinder die erste Generation ist, die mit dem Internet gro\u00df wird und es  noch keine Langzeitstudien oder Erfahrungen gibt, auf die man  verl\u00e4sslich zugreifen kann. Ihre Kinder sind heute die Versuchskaninchen  f\u00fcr die brosch\u00fcrten Erfahrungsberichte, die sie in einigen Jahren lesen  werden.<br><br>Lassen Sie sich von Ihren Kindern auch nicht weismachen,  dass andere im gleichen Alter l\u00e4nger ins Internet oder an den PC  d\u00fcrfen. Wir haben uns nach so einer Behauptung unserer Tochter im  Freundeskreis einmal herumgeh\u00f6rt. Es ist hier, wie es auch bei uns  fr\u00fcher schon war: Kinder suchen sich immer die f\u00fcr sie g\u00fcnstigsten  Beispiele, die aber selten sie Regel sind.<br><br>Und das Wichtigste zum Schluss: <br>Bedenken Sie, dass Sie als Anschlussinhaber f\u00fcr alles vollst\u00e4ndig haften, was \u00fcber diesen Anschluss abgewickelt wird.<br><br>S\u00e4mtliche  Angaben erfolgen ohne Gew\u00e4hr oder Rechtsanspruch und stellt nur die  pers\u00f6nliche Einsch\u00e4tzung und Meinung des Seitenbetreibers dar. Das  Ausf\u00fchren von Links oder Downloads erfolgt grunds\u00e4tzlich auf eigene Gefahr. Wir \u00fcbernehmen keinerlei Haftung oder Support.<\/p>\n","protected":false},"excerpt":{"rendered":"<p>Nachfolgend ein paar Tipps und Anregungen, wie Sie Ihre Kinder besser vor den Fallen im Internet sch\u00fctzen k\u00f6nnen. Wir haben selbst Kinder im &#8222;surff\u00e4higen&#8220; Alter. Diese Anregungen beruhen deshalb auf eigenen Erfahrungen und stellen unsere pers\u00f6nliche Meinung dar. Letztendlich ist es aber Ihre Entscheidung, ob Sie die aufgef\u00fchrten Punkte umsetzen oder nicht. Wir m\u00f6chten mit&hellip; <a href=\"https:\/\/richtfunk-hg.de\/?page_id=1486\" class=\"more-link\">Weiterlesen <span class=\"screen-reader-text\">Tipps f\u00fcr Eltern<\/span><\/a><\/p>\n","protected":false},"author":1,"featured_media":0,"parent":52,"menu_order":0,"comment_status":"closed","ping_status":"closed","template":"","meta":{"spay_email":""},"jetpack_shortlink":"https:\/\/wp.me\/P9fu7c-nY","_links":{"self":[{"href":"https:\/\/richtfunk-hg.de\/index.php?rest_route=\/wp\/v2\/pages\/1486"}],"collection":[{"href":"https:\/\/richtfunk-hg.de\/index.php?rest_route=\/wp\/v2\/pages"}],"about":[{"href":"https:\/\/richtfunk-hg.de\/index.php?rest_route=\/wp\/v2\/types\/page"}],"author":[{"embeddable":true,"href":"https:\/\/richtfunk-hg.de\/index.php?rest_route=\/wp\/v2\/users\/1"}],"replies":[{"embeddable":true,"href":"https:\/\/richtfunk-hg.de\/index.php?rest_route=%2Fwp%2Fv2%2Fcomments&post=1486"}],"version-history":[{"count":1,"href":"https:\/\/richtfunk-hg.de\/index.php?rest_route=\/wp\/v2\/pages\/1486\/revisions"}],"predecessor-version":[{"id":1487,"href":"https:\/\/richtfunk-hg.de\/index.php?rest_route=\/wp\/v2\/pages\/1486\/revisions\/1487"}],"up":[{"embeddable":true,"href":"https:\/\/richtfunk-hg.de\/index.php?rest_route=\/wp\/v2\/pages\/52"}],"wp:attachment":[{"href":"https:\/\/richtfunk-hg.de\/index.php?rest_route=%2Fwp%2Fv2%2Fmedia&parent=1486"}],"curies":[{"name":"wp","href":"https:\/\/api.w.org\/{rel}","templated":true}]}}