{"id":161,"date":"2017-08-23T07:30:51","date_gmt":"2017-08-23T07:30:51","guid":{"rendered":"http:\/\/richtfunk-hg.de\/?page_id=161"},"modified":"2017-08-23T07:30:51","modified_gmt":"2017-08-23T07:30:51","slug":"ueber-uns-2","status":"publish","type":"page","link":"https:\/\/richtfunk-hg.de\/?page_id=161","title":{"rendered":"\u00dcber uns"},"content":{"rendered":"<p><strong>Wer sind wir?<\/p>\n<p><\/strong>Der Grundstein f\u00fcr dieses Unternehmen liegt im Jahre 1990.<\/p>\n<p>Der Gr\u00fcnder Wolff Andreas Ehrhardt hat wie viele angefangen, vom &#8222;Wohnzimmertisch&#8220; aus PC\u00b4s zu verkaufen. Daraus resultierte die ABACUS Datensysteme in Oberursel. Inzwischen wurden mehrere Firmen zusammen gef\u00fchrt und Know How in der H+M Computersysteme geb\u00fcndelt. Dort entstand auch diese Gesch\u00e4ftsidee.<\/p>\n<p>Wir sind Techniker und Kaufleute, die immer etwas weiter denken und daher st\u00e4ndig auf der Suche sind, etwas besser und preiswerter zu machen. Wir haben jahrelange Erfahrung aus fast allen Teilen der Computerwelt und das n\u00f6tige Wissen, Probleme zu l\u00f6sen. Unsere Devise, es gibt immer einen Weg, er ist aber nicht immer &#8222;geradeaus&#8220;.<br \/>\nDeshalb wurde die Idee geboren, statt \u00fcber teures DSL mit WLAN den Kunden das Surfen zu erm\u00f6glichen bzw. in Bereichen, wo es kein DSL gibt per WLAN den Kunden DSL zu erm\u00f6glichen. Dar\u00fcber hinaus k\u00f6nnen wir Ihnen auch preiswert und zuverl\u00e4ssig zusammen mit befreundeten Firmen den kompletten EDV-Support (Verkauf, Installation und Wartung) anbieten.<br \/>\nAuf Wunsch k\u00f6nnen wir f\u00fcr Sie auch einen Wartungsvertrag f\u00fcr Ihre IT-Welt abschlie\u00dfen.<\/p>\n<p>&nbsp;<\/p>\n<p><strong>Referenzkunden: <\/strong><br \/>\nCompass Group Deutschland (Eurest) Eschborn, Stadtwerke Oberursel, Stadt Oberursel, Heraeus Kulzer,\u00a0FH-Wiesbaden, FH-Frankfurt, Frankfurter Hafenbetriebe, Stadtentw\u00e4sserung Frankfurt, TU-Darmstadt.<\/p>\n","protected":false},"excerpt":{"rendered":"<p>Wer sind wir? Der Grundstein f\u00fcr dieses Unternehmen liegt im Jahre 1990. Der Gr\u00fcnder Wolff Andreas Ehrhardt hat wie viele angefangen, vom &#8222;Wohnzimmertisch&#8220; aus PC\u00b4s zu verkaufen. Daraus resultierte die ABACUS Datensysteme in Oberursel. Inzwischen wurden mehrere Firmen zusammen gef\u00fchrt und Know How in der H+M Computersysteme geb\u00fcndelt. Dort entstand auch diese Gesch\u00e4ftsidee. Wir sind&hellip; <a href=\"https:\/\/richtfunk-hg.de\/?page_id=161\" class=\"more-link\">Weiterlesen <span class=\"screen-reader-text\">\u00dcber uns<\/span><\/a><\/p>\n","protected":false},"author":1,"featured_media":0,"parent":0,"menu_order":0,"comment_status":"closed","ping_status":"closed","template":"","meta":{"spay_email":""},"jetpack_shortlink":"https:\/\/wp.me\/P9fu7c-2B","_links":{"self":[{"href":"https:\/\/richtfunk-hg.de\/index.php?rest_route=\/wp\/v2\/pages\/161"}],"collection":[{"href":"https:\/\/richtfunk-hg.de\/index.php?rest_route=\/wp\/v2\/pages"}],"about":[{"href":"https:\/\/richtfunk-hg.de\/index.php?rest_route=\/wp\/v2\/types\/page"}],"author":[{"embeddable":true,"href":"https:\/\/richtfunk-hg.de\/index.php?rest_route=\/wp\/v2\/users\/1"}],"replies":[{"embeddable":true,"href":"https:\/\/richtfunk-hg.de\/index.php?rest_route=%2Fwp%2Fv2%2Fcomments&post=161"}],"version-history":[{"count":0,"href":"https:\/\/richtfunk-hg.de\/index.php?rest_route=\/wp\/v2\/pages\/161\/revisions"}],"wp:attachment":[{"href":"https:\/\/richtfunk-hg.de\/index.php?rest_route=%2Fwp%2Fv2%2Fmedia&parent=161"}],"curies":[{"name":"wp","href":"https:\/\/api.w.org\/{rel}","templated":true}]}}