{"id":163,"date":"2017-08-23T07:31:08","date_gmt":"2017-08-23T07:31:08","guid":{"rendered":"http:\/\/richtfunk-hg.de\/?page_id=163"},"modified":"2023-09-22T10:12:18","modified_gmt":"2023-09-22T10:12:18","slug":"kontakt","status":"publish","type":"page","link":"https:\/\/richtfunk-hg.de\/?page_id=163","title":{"rendered":"Kontakt"},"content":{"rendered":"<p>Hotline: 06172-8039977 (Mo.-Fr. von 9 bis 16 Uhr, ausgenommen Feiertage)<br \/>\nNot-Hotline au\u00dferhalb der Gesch\u00e4ftszeiten: 06081 9284789<\/p>\n<p>St\u00f6rungsmeldung per SMS: 0176-88800209<br \/>\nIn der SMS bitte den Namen, die Kundennummer und den Ortsteil angeben. Die SMS wird innerhalb unserer Gesch\u00e4ftszeiten (Mo.-Fr. von 9 bis 16 Uhr) bearbeitet.<\/p>\n<p>Kontaktaufnahme per Formular:<br \/>\n<div role=\"form\" class=\"wpcf7\" id=\"wpcf7-f523-o1\" lang=\"de-DE\" dir=\"ltr\">\n<div class=\"screen-reader-response\"><p role=\"status\" aria-live=\"polite\" aria-atomic=\"true\"><\/p> <ul><\/ul><\/div>\n<form action=\"\/index.php?rest_route=%2Fwp%2Fv2%2Fpages%2F163#wpcf7-f523-o1\" method=\"post\" class=\"wpcf7-form init\" novalidate=\"novalidate\" data-status=\"init\">\n<div style=\"display: none;\">\n<input type=\"hidden\" name=\"_wpcf7\" value=\"523\" \/>\n<input type=\"hidden\" name=\"_wpcf7_version\" value=\"5.5.6\" \/>\n<input type=\"hidden\" name=\"_wpcf7_locale\" value=\"de_DE\" \/>\n<input type=\"hidden\" name=\"_wpcf7_unit_tag\" value=\"wpcf7-f523-o1\" \/>\n<input type=\"hidden\" name=\"_wpcf7_container_post\" value=\"0\" \/>\n<input type=\"hidden\" name=\"_wpcf7_posted_data_hash\" value=\"\" \/>\n<input type=\"hidden\" name=\"_wpcf7_recaptcha_response\" value=\"\" \/>\n<\/div>\n<p><label> Ihr Name (Pflichtfeld)<br \/>\n    <span class=\"wpcf7-form-control-wrap Name\"><input type=\"text\" name=\"Name\" value=\"\" size=\"40\" class=\"wpcf7-form-control wpcf7-text wpcf7-validates-as-required\" aria-required=\"true\" aria-invalid=\"false\" \/><\/span> <\/label><\/p>\n<p><label> Ihr Ort<br \/>\n    <span class=\"wpcf7-form-control-wrap Ort\"><input type=\"text\" name=\"Ort\" value=\"\" size=\"40\" class=\"wpcf7-form-control wpcf7-text\" aria-invalid=\"false\" \/><\/span> <\/label><\/p>\n<p><label> Ihre Kundennummer<br \/>\n    <span class=\"wpcf7-form-control-wrap Kundennummer\"><input type=\"text\" name=\"Kundennummer\" value=\"\" size=\"40\" class=\"wpcf7-form-control wpcf7-text\" aria-invalid=\"false\" \/><\/span> <\/label><\/p>\n<p><label> Ihre Telefonnummer<br \/>\n    <span class=\"wpcf7-form-control-wrap Telefonnummer\"><input type=\"text\" name=\"Telefonnummer\" value=\"\" size=\"40\" class=\"wpcf7-form-control wpcf7-text\" aria-invalid=\"false\" \/><\/span> <\/label><\/p>\n<p><label> Ihre E-Mail-Adresse (Pflichtfeld)<br \/>\n    <span class=\"wpcf7-form-control-wrap Email\"><input type=\"email\" name=\"Email\" value=\"\" size=\"40\" class=\"wpcf7-form-control wpcf7-text wpcf7-email wpcf7-validates-as-required wpcf7-validates-as-email\" aria-required=\"true\" aria-invalid=\"false\" \/><\/span> <\/label><\/p>\n<p><label> Ihre Nachricht<br \/>\n    <span class=\"wpcf7-form-control-wrap Nachricht\"><textarea name=\"Nachricht\" cols=\"40\" rows=\"10\" class=\"wpcf7-form-control wpcf7-textarea\" aria-invalid=\"false\"><\/textarea><\/span> <\/label><\/p>\n<p><span id=\"wpcf7-69f9f88daf126-wrapper\" class=\"wpcf7-form-control-wrap captchacheck-715-wrap\" style=\"display:none !important; visibility:hidden !important;\"><label for=\"wpcf7-69f9f88daf126-field\" class=\"hp-message\">Bitte lasse dieses Feld leer.<\/label><input id=\"wpcf7-69f9f88daf126-field\"  class=\"wpcf7-form-control wpcf7-text\" type=\"text\" name=\"captchacheck-715\" value=\"\" size=\"40\" tabindex=\"-1\" autocomplete=\"new-password\" \/><\/span><\/p>\n<p><input type=\"submit\" value=\"Senden\" class=\"wpcf7-form-control has-spinner wpcf7-submit\" \/><\/p>\n<p style=\"display: none !important;\" class=\"akismet-fields-container\" data-prefix=\"_wpcf7_ak_\"><label>&#916;<textarea name=\"_wpcf7_ak_hp_textarea\" cols=\"45\" rows=\"8\" maxlength=\"100\"><\/textarea><\/label><input type=\"hidden\" id=\"ak_js_1\" name=\"_wpcf7_ak_js\" value=\"54\"\/><script>document.getElementById( \"ak_js_1\" ).setAttribute( \"value\", ( new Date() ).getTime() );<\/script><\/p><div class=\"wpcf7-response-output\" aria-hidden=\"true\"><\/div><\/form><\/div>\n","protected":false},"excerpt":{"rendered":"<p>Hotline: 06172-8039977 (Mo.-Fr. von 9 bis 16 Uhr, ausgenommen Feiertage) Not-Hotline au\u00dferhalb der Gesch\u00e4ftszeiten: 06081 9284789 St\u00f6rungsmeldung per SMS: 0176-88800209 In der SMS bitte den Namen, die Kundennummer und den Ortsteil angeben. Die SMS wird innerhalb unserer Gesch\u00e4ftszeiten (Mo.-Fr. von 9 bis 16 Uhr) bearbeitet. Kontaktaufnahme per Formular:<\/p>\n","protected":false},"author":1,"featured_media":0,"parent":161,"menu_order":0,"comment_status":"closed","ping_status":"closed","template":"","meta":{"spay_email":""},"jetpack_shortlink":"https:\/\/wp.me\/P9fu7c-2D","_links":{"self":[{"href":"https:\/\/richtfunk-hg.de\/index.php?rest_route=\/wp\/v2\/pages\/163"}],"collection":[{"href":"https:\/\/richtfunk-hg.de\/index.php?rest_route=\/wp\/v2\/pages"}],"about":[{"href":"https:\/\/richtfunk-hg.de\/index.php?rest_route=\/wp\/v2\/types\/page"}],"author":[{"embeddable":true,"href":"https:\/\/richtfunk-hg.de\/index.php?rest_route=\/wp\/v2\/users\/1"}],"replies":[{"embeddable":true,"href":"https:\/\/richtfunk-hg.de\/index.php?rest_route=%2Fwp%2Fv2%2Fcomments&post=163"}],"version-history":[{"count":8,"href":"https:\/\/richtfunk-hg.de\/index.php?rest_route=\/wp\/v2\/pages\/163\/revisions"}],"predecessor-version":[{"id":3135,"href":"https:\/\/richtfunk-hg.de\/index.php?rest_route=\/wp\/v2\/pages\/163\/revisions\/3135"}],"up":[{"embeddable":true,"href":"https:\/\/richtfunk-hg.de\/index.php?rest_route=\/wp\/v2\/pages\/161"}],"wp:attachment":[{"href":"https:\/\/richtfunk-hg.de\/index.php?rest_route=%2Fwp%2Fv2%2Fmedia&parent=163"}],"curies":[{"name":"wp","href":"https:\/\/api.w.org\/{rel}","templated":true}]}}