{"id":170,"date":"2017-08-23T07:50:31","date_gmt":"2017-08-23T07:50:31","guid":{"rendered":"http:\/\/richtfunk-hg.de\/?page_id=170"},"modified":"2017-12-05T10:36:37","modified_gmt":"2017-12-05T10:36:37","slug":"hardware-technik","status":"publish","type":"page","link":"https:\/\/richtfunk-hg.de\/?page_id=170","title":{"rendered":"Hardware\/Technik"},"content":{"rendered":"<div class=\"su-spoiler su-spoiler-style-default su-spoiler-icon-plus su-spoiler-closed\" data-scroll-offset=\"0\" data-anchor-in-url=\"no\"><div class=\"su-spoiler-title\" tabindex=\"0\" role=\"button\"><span class=\"su-spoiler-icon\"><\/span>Bekomme ich eine eigene TCP\/IP Adresse?<\/div><div class=\"su-spoiler-content su-u-clearfix su-u-trim\">Sie bekommen eine eigene offizielle TCP\/IP Adresse. Diese Adresse ist vom Internet aus ansprechbar. <\/div><\/div>\n<div class=\"su-spoiler su-spoiler-style-default su-spoiler-icon-plus su-spoiler-closed\" data-scroll-offset=\"0\" data-anchor-in-url=\"no\"><div class=\"su-spoiler-title\" tabindex=\"0\" role=\"button\"><span class=\"su-spoiler-icon\"><\/span>Ben\u00f6tige ich noch einen Telefonanschluss?<\/div><div class=\"su-spoiler-content su-u-clearfix su-u-trim\">Nein, unsere Netz l\u00e4uft v\u00f6llig unabh\u00e4ngig vom Festnetzanschluss. <\/div><\/div>\n<div class=\"su-spoiler su-spoiler-style-default su-spoiler-icon-plus su-spoiler-closed\" data-scroll-offset=\"0\" data-anchor-in-url=\"no\"><div class=\"su-spoiler-title\" tabindex=\"0\" role=\"button\"><span class=\"su-spoiler-icon\"><\/span>Funktioniert Voice over IP?<\/div><div class=\"su-spoiler-content su-u-clearfix su-u-trim\">Ja, Voice over IP (VoIP) geht. Sie bekommen auf Wunsch einen kostenlosen Telefonanschluss zusammen mit unserem DSL.<\/div><\/div>\n<div class=\"su-spoiler su-spoiler-style-default su-spoiler-icon-plus su-spoiler-closed\" data-scroll-offset=\"0\" data-anchor-in-url=\"no\"><div class=\"su-spoiler-title\" tabindex=\"0\" role=\"button\"><span class=\"su-spoiler-icon\"><\/span>Gehen Online Spiele?<\/div><div class=\"su-spoiler-content su-u-clearfix su-u-trim\">Online Spiele gehen grunds\u00e4tzlich, aber je nach Spiel sind vielleicht Portzuweisungen n\u00f6tig. <\/div><\/div>\n<div class=\"su-spoiler su-spoiler-style-default su-spoiler-icon-plus su-spoiler-closed\" data-scroll-offset=\"0\" data-anchor-in-url=\"no\"><div class=\"su-spoiler-title\" tabindex=\"0\" role=\"button\"><span class=\"su-spoiler-icon\"><\/span>Ist es schwer, den Empf\u00e4nger in Betrieb zu nehmen?<\/div><div class=\"su-spoiler-content su-u-clearfix su-u-trim\">Nein, es ist alles fertig eingestellt, Sie m\u00fcssen am Empf\u00e4nger nichts mehr konfigurieren oder einstellen, das haben wir f\u00fcr Sie komplett \u00fcbernommen. Im Prinzip den Empf\u00e4nger einfach an den SAT-Mast montieren, das Netzwerkkabel ins Haus hineinf\u00fchren\u00a0und an den POE-Adapter entweder einen Router oder Ihren Rechner anschlie\u00dfen. <\/div><\/div>\n<div class=\"su-spoiler su-spoiler-style-default su-spoiler-icon-plus su-spoiler-closed\" data-scroll-offset=\"0\" data-anchor-in-url=\"no\"><div class=\"su-spoiler-title\" tabindex=\"0\" role=\"button\"><span class=\"su-spoiler-icon\"><\/span>Kann ich den Router selber wo anders (Media Markt &amp; Co) erwerben?<\/div><div class=\"su-spoiler-content su-u-clearfix su-u-trim\">Nat\u00fcrlich k\u00f6nnen Sie sich die Hardware selber besorgen. Bitte bedenken Sie aber dabei, dass Sie dann noch die Firmware aktualisieren und die Konfiguration an unsere Vorgaben anpassen m\u00fcssen. Auch k\u00f6nnen wir Ihnen dann nur eingeschr\u00e4nkt Support bieten, sofern Sie nicht 100 % unsere Vorgaben einhalten. Bitte beachten Sie auch, das dann unser Support f\u00fcr die &#8222;fremd erworbene&#8220; Hardware nicht mehr kostenlos erfolgen kann. Bei Supportanfragen m\u00fcssen Sie sich dann an 0900-1600016-39 (\u20ac 0.99\/Min aus DT. Festnetz) wenden. Dies gilt auch f\u00fcr nicht bei uns erworbene VoIP-Hardware. <\/div><\/div>\n<div class=\"su-spoiler su-spoiler-style-default su-spoiler-icon-plus su-spoiler-closed\" data-scroll-offset=\"0\" data-anchor-in-url=\"no\"><div class=\"su-spoiler-title\" tabindex=\"0\" role=\"button\"><span class=\"su-spoiler-icon\"><\/span>Kann ich einen VPN-Tunnel aufbauen?<\/div><div class=\"su-spoiler-content su-u-clearfix su-u-trim\">Sie k\u00f6nnen einen VPN-Tunnel zu Ihrer Firma bzw. Universit\u00e4t aufbauen. Sie k\u00f6nnen auch einen VPN-Tunnel bereit stellen, an denen sich andere aus der Internet-Welt anmelden k\u00f6nnen.<\/div><\/div>\n<div class=\"su-spoiler su-spoiler-style-default su-spoiler-icon-plus su-spoiler-closed\" data-scroll-offset=\"0\" data-anchor-in-url=\"no\"><div class=\"su-spoiler-title\" tabindex=\"0\" role=\"button\"><span class=\"su-spoiler-icon\"><\/span>Kann ich mehrere PC\u00b4s an diesem Anschluss betreiben?<\/div><div class=\"su-spoiler-content su-u-clearfix su-u-trim\">Ja, mit der von uns verwendeten Router\/Empf\u00e4nger\/Firewall k\u00f6nnen Sie bis zu 253 PC\u00b4s \u00fcber LAN anschlie\u00dfen. <\/div><\/div>\n<div class=\"su-spoiler su-spoiler-style-default su-spoiler-icon-plus su-spoiler-closed\" data-scroll-offset=\"0\" data-anchor-in-url=\"no\"><div class=\"su-spoiler-title\" tabindex=\"0\" role=\"button\"><span class=\"su-spoiler-icon\"><\/span>Kann ich meine alte Email Adresse behalten?<\/div><div class=\"su-spoiler-content su-u-clearfix su-u-trim\">Grunds\u00e4tzlich geht da. Bei der Telekom oder anderen Anbietern, die eine Email-Adresse als Bestandteil des Anschlusses anbieten, muss mit dem jeweiligen Anbieter gekl\u00e4rt werden, ob die Adresse umgestellt werden kann, dass Sie die Adresse auch ohne einen Anschluss bei dem jeweiligen Anbieter nutzen k\u00f6nnen. Gegebenenfalls k\u00f6nnen hier zus\u00e4tzliche Kosten entstehen. Es gibt aber viele Free-Mail-Anbieter, dort kostet eine Email-Adresse gar nichts. Wir bieten deshalb grunds\u00e4tzlich keine Email-Adressen an. <\/div><\/div>\n<div class=\"su-spoiler su-spoiler-style-default su-spoiler-icon-plus su-spoiler-closed\" data-scroll-offset=\"0\" data-anchor-in-url=\"no\"><div class=\"su-spoiler-title\" tabindex=\"0\" role=\"button\"><span class=\"su-spoiler-icon\"><\/span>Kann ich Powerlineadapter anstatt Netzwerkkabel nehmen?<\/div><div class=\"su-spoiler-content su-u-clearfix su-u-trim\">Wir raten ganz deutlich von Powerlineadapter als Ersatz f\u00fcr Netzwerkkabel ab. Es gab und gibt immer wieder Probleme mit Powerlineadapter. Wir kennen F\u00e4lle, bei denen es tags\u00fcber geht und Abends das Powerlinenetz im Haus regelrecht zusammen bricht, weil irgend ein Netzteil im Haus so schlecht entst\u00f6rt ist, dass das Powerlinesignal dadurch gest\u00f6rt wird. Dies ist kein Fehler von Funknetz sondern ein bekanntes Problem mit Powerlineadapter. Es ist immer besser, Netzwerkkabel zu ziehen, auch wenn die Werbung was anderes verspricht und Powerline als Kabelersatz anpreist. Leider ist es nicht so. Ganz schlimme Fehler zeigt Powerline, wenn Sie \u00fcber das Internet und Powerline telefonieren m\u00f6chten. Mal geht das Telefon, mal geht es nicht, mal nur abgehakt. Das alles ist schon vorgekommen und ist auch kein Fehler, den wir beheben k\u00f6nnen, da er durch Powerline verursacht wird. Das Problem l\u00e4sst sich nur mit einem Standardnetzwerkkabel l\u00f6sen. Wir m\u00fcssen daher Powerline oder Support komplett ablehnen. <\/div><\/div>\n<div class=\"su-spoiler su-spoiler-style-default su-spoiler-icon-plus su-spoiler-closed\" data-scroll-offset=\"0\" data-anchor-in-url=\"no\"><div class=\"su-spoiler-title\" tabindex=\"0\" role=\"button\"><span class=\"su-spoiler-icon\"><\/span>Kann ich zuhause einen privates WLAN- Netz betreiben?<\/div><div class=\"su-spoiler-content su-u-clearfix su-u-trim\">Sie k\u00f6nnen unsere Internetsignal selbstverst\u00e4ndlich zu Hause an Ihr privates WLAN anschlie\u00dfen. Bitte bedenken Sie aber, das ein privates WLAN im Haus nicht die Allheill\u00f6sung ist und ein Kabel ersetzen kann. WLAN 2,4 Ghz wurde f\u00fcr den Nahbereich und auf Sicht ausgelegt, z.B. auf der selben Etage. Wenn Sie Stahlbetondecken haben, kann es sein, das Sie dann bereits Probleme mit Ihrem privaten WLAN bekommen, wenn Sie durch die Decke oder Boden funken wollen. Dies ist nicht ein Problem von Funknetz sondern eine physikalische Grenze, die man nicht \u00e4ndern kann. Es ist immer besser (und schneller) wenn Sie ein CAT5 Netzwerkkabel von unserem Empf\u00e4nger zu Ihrem Endger\u00e4t oder Unterverteiler ziehen. Auch wenn die Werbung was anderes suggeriert, es geht nicht so. Siehe <a href=\"http:\/\/computer.t-online.de\/wlan-reichweite-erhoehen-wlan-empfang-verbessern\/id_13969034\/index\" target=\"_blank\" rel=\"noopener\">http:\/\/computer.t-online.de\/wlan-reichweite-erhoehen-wlan-empfang-verbessern\/id_13969034\/index<\/a><\/div><\/div>\n<div class=\"su-spoiler su-spoiler-style-default su-spoiler-icon-plus su-spoiler-closed\" data-scroll-offset=\"0\" data-anchor-in-url=\"no\"><div class=\"su-spoiler-title\" tabindex=\"0\" role=\"button\"><span class=\"su-spoiler-icon\"><\/span>Kann sich ein Unbefugter in das von Funknetz betriebene WLAN-Netz 'reinhacken'?<\/div><div class=\"su-spoiler-content su-u-clearfix su-u-trim\">Da wir eine entsprechend starke Verschl\u00fcsselung einsetzen, gilt unser Netz als sicher.<\/div><\/div>\n<div class=\"su-spoiler su-spoiler-style-default su-spoiler-icon-plus su-spoiler-closed\" data-scroll-offset=\"0\" data-anchor-in-url=\"no\"><div class=\"su-spoiler-title\" tabindex=\"0\" role=\"button\"><span class=\"su-spoiler-icon\"><\/span>Muss ich mich irgendwo einw\u00e4hlen?<\/div><div class=\"su-spoiler-content su-u-clearfix su-u-trim\">Nein, eine An- oder Abwahl ist nicht n\u00f6tig bzw. vorgesehen. <\/div><\/div>\n<div class=\"su-spoiler su-spoiler-style-default su-spoiler-icon-plus su-spoiler-closed\" data-scroll-offset=\"0\" data-anchor-in-url=\"no\"><div class=\"su-spoiler-title\" tabindex=\"0\" role=\"button\"><span class=\"su-spoiler-icon\"><\/span>Sinkt die Geschwindigkeit, wenn mehrere Benutzer an das Funknetz angeschlossen sind?<\/div><div class=\"su-spoiler-content su-u-clearfix su-u-trim\">Stellen Sie sich ein Wasserrohr mit 20 bar Druck vor, an dem 40 Wasserh\u00e4hne angeschlossen sind, die jeweils mit einem Druckminderer maximal 1 bar bekommen k\u00f6nnen. Solange weniger als 20 St\u00fcck den Wasserhahn VOLL aufdrehen, ist bei allen der Druck bei einem Bar. Erst wenn der 21. seinen Wasserhahn VOLL (nicht zum Teil) aufdreht, singt der Druck auf 0,9 Bar. Dies gilt aber nur, wenn alle gleichzeitig Ihren Wasserhahn wirklich VOLL aufdrehen. Und mal Hand aufs Herz, drehen Sie immer gleich den Wasserhahn voll auf ? \u00dcbertragen auf das Internet m\u00fcssten mehr als 20 User im Millisekundenbereich die Maustaste anklicken. Dies ist sehr unwahrscheinlich. Alle DSL-Anbieter &#8222;\u00fcberbuchen&#8220; Ihre Leitungen, zum Teil bis zu 100fach. Wir \u00fcberbuchen maximal unsere Leitung 20-fach. So ist ein schnelles surfen sichergestellt. Alleine das Einschalten des Empf\u00e4ngers und des PC\u00b4s erzeugt i.d.R. keinen Datenverkehr und belastet die Leitung in keiner Weise. <\/div><\/div>\n<div class=\"su-spoiler su-spoiler-style-default su-spoiler-icon-plus su-spoiler-closed\" data-scroll-offset=\"0\" data-anchor-in-url=\"no\"><div class=\"su-spoiler-title\" tabindex=\"0\" role=\"button\"><span class=\"su-spoiler-icon\"><\/span>Wer schlie\u00dft meine Ger\u00e4te vor Ort an?<\/div><div class=\"su-spoiler-content su-u-clearfix su-u-trim\">Sie k\u00f6nnen es nat\u00fcrlich selbst machen. Wenn Sie es sich nicht zutrauen oder einfach keine Zeit haben, k\u00f6nnen Sie bei uns Kontaktdaten zu Firmen erfragen, die die Installation f\u00fcr Sie vornehmen. Dies ist allerdings kostenpflichtig, und wird ihnen je nach Aufwand von der ausf\u00fchrenden Firma in Rechnung gestellt.[\/su_Spoiler]\n<div class=\"su-spoiler su-spoiler-style-default su-spoiler-icon-plus su-spoiler-closed\" data-scroll-offset=\"0\" data-anchor-in-url=\"no\"><div class=\"su-spoiler-title\" tabindex=\"0\" role=\"button\"><span class=\"su-spoiler-icon\"><\/span>Wie bekomme ich das Signal von meinem Dach an meine PC\u00b4s im Haus?<\/div><div class=\"su-spoiler-content su-u-clearfix su-u-trim\"><\/div><\/div>Es gibt drei M\u00f6glichkeiten: Die einfachste L\u00f6sung ist Kabel. Sie k\u00f6nnen mit jedem CAT5 Kabel (oder besser) Ihre PC\u00b4s im Haus anschlie\u00dfen. Liegen in Ihrem Haus keine Kabel dieser Art und Sie m\u00f6chten auch keine Kabel legen, gibt es die M\u00f6glichkeit, das man \u00fcber Ihre Stromleitung im Haus mit Powerline-Adapter das Signal an die PC\u00b4s verteilt. Dies ist aber mit Vorsicht zu genie\u00dfen, da andere Ger\u00e4t im Stromnetz St\u00f6rungen hervorrufen bzw. die Adapter auf verschiedenen Phasen im Stromnetz angeschlossen sein k\u00f6nnen. Ein andere M\u00f6glichkeit w\u00e4re, das Sie an unseren Empf\u00e4nger einen kleinen Access-Point anschlie\u00dfen und per Funk im Haus das Signal verteilen. Dazu m\u00fcsste dann jeder PC eine WLAN Karte (PCI oder USB-Version) bekommen. Dies geht aber nur in der Regel \u00fcber eine Etage. <\/div><\/div>\n<div class=\"su-spoiler su-spoiler-style-default su-spoiler-icon-plus su-spoiler-closed\" data-scroll-offset=\"0\" data-anchor-in-url=\"no\"><div class=\"su-spoiler-title\" tabindex=\"0\" role=\"button\"><span class=\"su-spoiler-icon\"><\/span>Wie ist die Empf\u00e4nger zu montieren?<\/div><div class=\"su-spoiler-content su-u-clearfix su-u-trim\">Alle Empf\u00e4nger m\u00fcssen au\u00dfen montiert werden, sonst ist der Empfang schlecht bzw. es geht nicht. Von dem Empf\u00e4nger muss eine freie Sichtverbindung zum Relais bestehen.<\/div><\/div>\n<div class=\"su-spoiler su-spoiler-style-default su-spoiler-icon-plus su-spoiler-closed\" data-scroll-offset=\"0\" data-anchor-in-url=\"no\"><div class=\"su-spoiler-title\" tabindex=\"0\" role=\"button\"><span class=\"su-spoiler-icon\"><\/span>Wie kann ich pr\u00fcfen, ob ich das Netz empfangen kann?<\/div><div class=\"su-spoiler-content su-u-clearfix su-u-trim\">Wenn Sie ein Notebook mit eingebauter WLAN-Karte f\u00fcr den 5 GHz-Bereich haben oder ein neueres Smartphone, gehen Sie auf Ihr Dach und schauen, ob Sie unser Netz empfangen. Dies gilt nat\u00fcrlich nur f\u00fcr Gebiete, wo wir bereits ein Netz aufgebaut haben. Den jeweiligen Relaisstandort k\u00f6nnen Sie bei uns erfragen. <\/div><\/div>\n<div class=\"su-spoiler su-spoiler-style-default su-spoiler-icon-plus su-spoiler-closed\" data-scroll-offset=\"0\" data-anchor-in-url=\"no\"><div class=\"su-spoiler-title\" tabindex=\"0\" role=\"button\"><span class=\"su-spoiler-icon\"><\/span>Wie sind die Ping-Zeiten?<\/div><div class=\"su-spoiler-content su-u-clearfix su-u-trim\">Die Ping-Zeiten h\u00e4ngen sind bei uns sehr kurz. Sie liegen im Schnitt im niedrigen zweistelligen ms-Bereich.<\/div><\/div>\n<div class=\"su-spoiler su-spoiler-style-default su-spoiler-icon-plus su-spoiler-closed\" data-scroll-offset=\"0\" data-anchor-in-url=\"no\"><div class=\"su-spoiler-title\" tabindex=\"0\" role=\"button\"><span class=\"su-spoiler-icon\"><\/span>Muss auf meinem PC eine Software installiert werden?<\/div><div class=\"su-spoiler-content su-u-clearfix su-u-trim\">Nein, der PC oder MAC wird nur \u00fcber einen Ethernetanschluss oder WLAN-Anschluss, den fast alle PC\u00b4s und MAC\u00b4s haben, angeschlossen. <\/div><\/div>\n","protected":false},"excerpt":{"rendered":"","protected":false},"author":1,"featured_media":0,"parent":52,"menu_order":0,"comment_status":"closed","ping_status":"closed","template":"","meta":{"spay_email":""},"jetpack_shortlink":"https:\/\/wp.me\/P9fu7c-2K","_links":{"self":[{"href":"https:\/\/richtfunk-hg.de\/index.php?rest_route=\/wp\/v2\/pages\/170"}],"collection":[{"href":"https:\/\/richtfunk-hg.de\/index.php?rest_route=\/wp\/v2\/pages"}],"about":[{"href":"https:\/\/richtfunk-hg.de\/index.php?rest_route=\/wp\/v2\/types\/page"}],"author":[{"embeddable":true,"href":"https:\/\/richtfunk-hg.de\/index.php?rest_route=\/wp\/v2\/users\/1"}],"replies":[{"embeddable":true,"href":"https:\/\/richtfunk-hg.de\/index.php?rest_route=%2Fwp%2Fv2%2Fcomments&post=170"}],"version-history":[{"count":2,"href":"https:\/\/richtfunk-hg.de\/index.php?rest_route=\/wp\/v2\/pages\/170\/revisions"}],"predecessor-version":[{"id":693,"href":"https:\/\/richtfunk-hg.de\/index.php?rest_route=\/wp\/v2\/pages\/170\/revisions\/693"}],"up":[{"embeddable":true,"href":"https:\/\/richtfunk-hg.de\/index.php?rest_route=\/wp\/v2\/pages\/52"}],"wp:attachment":[{"href":"https:\/\/richtfunk-hg.de\/index.php?rest_route=%2Fwp%2Fv2%2Fmedia&parent=170"}],"curies":[{"name":"wp","href":"https:\/\/api.w.org\/{rel}","templated":true}]}}