{"id":39,"date":"2017-08-21T10:22:08","date_gmt":"2017-08-21T10:22:08","guid":{"rendered":"http:\/\/richtfunk-hg.de\/?page_id=39"},"modified":"2021-12-02T09:18:01","modified_gmt":"2021-12-02T09:18:01","slug":"funknetz-hg","status":"publish","type":"page","link":"https:\/\/richtfunk-hg.de\/","title":{"rendered":"Funknetz-HG"},"content":{"rendered":"\n<p><\/p>\n\n\n<p><strong>Neuregelung Gesetz f\u00fcr fairere Vertr\u00e4ge:<\/strong><br \/>Laut <a href=\"https:\/\/www.verbraucherzentrale.de\/wissen\/vertraege-reklamation\/kundenrechte\/gesetz-fuer-fairere-vertraege-kommt-mehr-schutz-bei-kosten-und-laufzeiten-55274\">Verbraucherzentrale<\/a> gelten die neuen Regeln f\u00fcr fairere Vertr\u00e4ge <strong><span style=\"color: #ff0000;\">nur f\u00fcr Vertr\u00e4ge die ab dem 01.03.2022 geschlossen wurden<\/span><\/strong>.<br \/><br \/>Sind Sie es leid auf einen DSL-Anschluss zu warten, oder Ihr Anschluss ist Ihnen zu langsam?<br \/>Hier k\u00f6nnen wir Ihnen vermutlich mit Funk-DSL (nicht SAT-DSL) weiterhelfen.<br \/>Wenn Sie wissen m\u00f6chten, ob wir Sie mit Internet versorgen k\u00f6nnen, k\u00f6nnen Sie entweder bei <a href=\"https:\/\/richtfunk-hg.de\/?page_id=235\">Verf\u00fcgbarkeit<\/a> nachschauen, oder sich mit uns entweder unter der 06172-8039977 oder per\u00a0<a href=\"https:\/\/richtfunk-hg.de\/?page_id=524\">Kontaktformular<\/a> in Verbindung setzen. Wir helfen Ihnen gerne weiter.<\/p>\n<p>Aus Sicherheitsgr\u00fcnden mussten wir HTTPS und Telnet-Ports sperren. Sollten Sie diese ben\u00f6tigen, k\u00f6nnen wir Ihnen diese gern frei schalten.<\/p>\n<p>Wir weisen darauf hin, dass es bei WLAN und PowerLAN vermehrt zu Problemen, gerade auch im Hinblick auf die Geschwindigkeit gibt.\u00a0 Aus diesem Grund raten wir von diesen \u00dcbertragungsmethoden ab, um die volle Bandbreite nutzen zu k\u00f6nnen.<\/p>","protected":false},"excerpt":{"rendered":"<p>Neuregelung Gesetz f\u00fcr fairere Vertr\u00e4ge:Laut Verbraucherzentrale gelten die neuen Regeln f\u00fcr fairere Vertr\u00e4ge nur f\u00fcr Vertr\u00e4ge die ab dem 01.03.2022 geschlossen wurden. Sind Sie es leid auf einen DSL-Anschluss zu warten, oder Ihr Anschluss ist Ihnen zu langsam?Hier k\u00f6nnen wir Ihnen vermutlich mit Funk-DSL (nicht SAT-DSL) weiterhelfen.Wenn Sie wissen m\u00f6chten, ob wir Sie mit Internet&hellip; <a href=\"https:\/\/richtfunk-hg.de\/\" class=\"more-link\">Weiterlesen <span class=\"screen-reader-text\">Funknetz-HG<\/span><\/a><\/p>\n","protected":false},"author":1,"featured_media":0,"parent":0,"menu_order":0,"comment_status":"closed","ping_status":"closed","template":"","meta":{"spay_email":""},"jetpack_shortlink":"https:\/\/wp.me\/P9fu7c-D","_links":{"self":[{"href":"https:\/\/richtfunk-hg.de\/index.php?rest_route=\/wp\/v2\/pages\/39"}],"collection":[{"href":"https:\/\/richtfunk-hg.de\/index.php?rest_route=\/wp\/v2\/pages"}],"about":[{"href":"https:\/\/richtfunk-hg.de\/index.php?rest_route=\/wp\/v2\/types\/page"}],"author":[{"embeddable":true,"href":"https:\/\/richtfunk-hg.de\/index.php?rest_route=\/wp\/v2\/users\/1"}],"replies":[{"embeddable":true,"href":"https:\/\/richtfunk-hg.de\/index.php?rest_route=%2Fwp%2Fv2%2Fcomments&post=39"}],"version-history":[{"count":68,"href":"https:\/\/richtfunk-hg.de\/index.php?rest_route=\/wp\/v2\/pages\/39\/revisions"}],"predecessor-version":[{"id":2677,"href":"https:\/\/richtfunk-hg.de\/index.php?rest_route=\/wp\/v2\/pages\/39\/revisions\/2677"}],"wp:attachment":[{"href":"https:\/\/richtfunk-hg.de\/index.php?rest_route=%2Fwp%2Fv2%2Fmedia&parent=39"}],"curies":[{"name":"wp","href":"https:\/\/api.w.org\/{rel}","templated":true}]}}