{"id":46,"date":"2017-08-21T10:28:04","date_gmt":"2017-08-21T10:28:04","guid":{"rendered":"http:\/\/richtfunk-hg.de\/?page_id=46"},"modified":"2022-01-21T08:06:30","modified_gmt":"2022-01-21T08:06:30","slug":"produkte","status":"publish","type":"page","link":"https:\/\/richtfunk-hg.de\/?page_id=46","title":{"rendered":"Produkte"},"content":{"rendered":"<p><strong>Preis\u00fcbersicht f\u00fcr DSL Angebote:<\/strong><\/p>\n<p>Nachfolgend eine kurze \u00dcbersicht f\u00fcr die von uns angebotenen Tarife. Sie staffeln sich nach Inklusivvolumen und nach der angebotenen Geschwindigkeit, wobei immer zwischen Download und Upload Geschwindigkeit differenziert wird.<br \/>\n<strong><br \/>\n<\/strong>Wir sind von unserem Produkt so \u00fcberzeugt, das Sie es zwei Wochen lang kostenlos und unverbindlich testen k\u00f6nnen.<\/p>\n<table border=\"0\">\n<tbody>\n<tr>\n<td>Low-Surf Tarif 2000, 2000 kbit\/s download, 100 kbit\/s upload, Datenvolumen pro Monat 5GB<\/td>\n<td valign=\"top\">\u20ac 17,90<\/td>\n<\/tr>\n<tr>\n<td>W-DSL Einfach-Flat 4000, Flatrate f\u00fcr das Internet, bis zu 4096 kbit\/s down- und 2000kbit\/s Upload<\/td>\n<td valign=\"top\">\u20ac 23,90<\/td>\n<\/tr>\n<tr>\n<td>W-DSL Low-Surf Doppel-Flat 4000, bis zu 4096 down- und 2000 kbit\/s upload, Telefon Flatrate in ds dt. Festnetz incl. einer Telefonnummer oder \u00dcbernahme der vorhandenen Nummer.<\/td>\n<td valign=\"top\">\u20ac 29,90<\/td>\n<\/tr>\n<tr>\n<td>W-DSL 25, Low-Surf DSL 3000, bis zu 3072 kbit\/s download, 1500 kbit\/s upload, Datenvolumen pro Monat 25 GB<\/td>\n<td valign=\"top\">\u20ac 33,90<\/td>\n<\/tr>\n<tr>\n<td>W-DSL Fairflat 10000, Fairflat f\u00fcr das Internet, bis zu 10000 kbit\/s down- und 5000 kbit\/s Upload<\/td>\n<td valign=\"top\">\u20ac 28,90<\/td>\n<\/tr>\n<tr>\n<td>W-DSL Doppel-Fairflat 10000, Fairflat und Telefon-Flatrate in das deutsche Festnetz, bis zu 10000 kbit\/s down- und 5000 kbit\/s Upload<\/td>\n<td valign=\"top\">\u20ac 34,90<\/td>\n<\/tr>\n<tr>\n<td>W-DSL Low-Speed 8000, <strong>Vertragslaufzeit nur 3 Monate,<\/strong> bis zu 8000 down- und 4000 kbit\/s upload. Fairflat<\/td>\n<td valign=\"top\">\u20ac 45,90<\/td>\n<\/tr>\n<tr>\n<td colspan=\"2\"><strong>Aufpreise f\u00fcr h\u00f6here Geschwindigkeiten siehe weiter unten!<\/strong><\/p>\n<p>Alle Flatrates und Fairflats haben eine Vertragslaufzeit von 24 Monate mit einer K\u00fcndigungsfrist von 3 Monaten zum Vertragsende, ansonsten verl\u00e4ngert sich der Vertag auf unbestimmte Zeit mit einer K\u00fcndigungsfrist von einem Monat. Alle anderen Tarife haben eine Laufzeit und K\u00fcndigungsfrist von 6 Monaten. Bitte beachten Sie die Infos zu Flatrates und Fairflat in unseren AGB\u00b4s.<\/p>\n<p>Die Verf\u00fcgbarkeit \u00fcbers Jahr gesehen betr\u00e4gt 97 %. Jeder Anschluss hat eine feste offizielle IP-Adresse. Sie k\u00f6nnen, sofern Sie echt m\u00f6chten, von der ganzen Welt auf Ihr Netz zu Hause zugreifen. Telefon-Fair-Flatrates gelten nur f\u00fcr Privatkunden.<\/p>\n<p>Die notwendige Hardware kostet bei einer Vertragslaufzeit von 24 Monaten einmalig \u20ac 49,&#8211;, bei einer Vertragslaufzeit von 6 Monaten \u20ac 99,&#8211;.<\/td>\n<\/tr>\n<tr>\n<td colspan=\"2\"><strong>Alle Tarife incl. NightPlus. In der Zeit von 23 Uhr und 10 Uhr wird das verbrauchte Volumen nur zu einem F\u00fcnftel gerechnet.<\/strong><\/td>\n<\/tr>\n<tr>\n<td>Jedes weitere angefangene GB Datenvolumen up\/download bei W-DSL 25<\/td>\n<td>\u20ac 8,&#8211;<\/td>\n<\/tr>\n<tr>\n<td>Jedes weitere angefangene GB Datenvolumen up\/download bei Low-Surf<\/td>\n<td>\u20ac 15,&#8211;<\/td>\n<\/tr>\n<tr>\n<td colspan=\"2\">Bei Full-Flatrate erfolgt keine Nachbelastung<\/td>\n<\/tr>\n<tr>\n<td>Einmalige Anschlussgeb\u00fchr<\/td>\n<td>\u20ac 39,&#8211;<\/td>\n<\/tr>\n<tr>\n<td colspan=\"2\"><strong>Jeder DSL Anschluss bekommt auf Wunsch einen kostenlosen Telefonanschluss auf Minutenbasis. Z.B. 0,01999 Euro\/min ins deutsche Festnetz.<\/strong><\/td>\n<\/tr>\n<\/tbody>\n<\/table>\n<p><strong><br \/>\nAufpreise f\u00fcr h\u00f6here Geschwindigkeiten<\/strong>:<\/p>\n<table border=\"0\">\n<tbody>\n<tr>\n<td>Aufpreis f\u00fcr DSL 15000 (bis zu 15000 kbit\/s down- und 7500 kbit\/s Upload), nicht bei Low-Surf- Tarifen buchbar<\/td>\n<td>monatlich \u20ac 6,90<\/td>\n<\/tr>\n<tr>\n<td>Aufpreis f\u00fcr DSL 20000 (bis zu 20000 kbit\/s down- und 10000 kbit\/s Upload), nicht bei Low-Surf- Tarifen buchbar<\/td>\n<td>monatlich \u20ac 9,90<\/td>\n<\/tr>\n<tr>\n<td>Aufpreis f\u00fcr DSL 30000 (bis zu 30000 kbit\/s down- und 10000 kbit\/s Upload), nicht bei Low-Surf- Tarifen buchbar<\/td>\n<td>monatlich \u20ac 19,90<\/td>\n<\/tr>\n<\/tbody>\n<\/table>\n<p>Alle \u00dcbertragungsraten sind Maximalwerte und als Monatsmittel zu sehen.<\/p>\n<p><em>Vor Ort Installation nicht mit eingeschlossen, diese wird nach Aufwand extra berechnet. Entf\u00e4llt bei Selbstmontage. Vertragslaufzeit Minimum sechs Monate, K\u00fcndigungsfrist 6 Monate zum Monatsende. S\u00e4mtliche Betr\u00e4ge werden grunds\u00e4tzlich nur \u00fcber Bankeinzug eingezogen. Barzahlung und \u00dcberweisung sind ausgeschlossen. Alle Betr\u00e4ge enthalten die gesetzliche Mehrwertsteuer von zur Zeit 19 Prozent. Es gelten ausschlie\u00dflich unsere Gesch\u00e4ftsbedingungen.<\/em><\/p>\n<p>Geschwindigkeiten k\u00f6nnen pro Ortschaft verschieden sein<\/p>\n<p>VPN- Tunnel k\u00f6nnen aufgebaut werden. H\u00f6here Geschwindigkeiten gegen Aufpreis.<\/p>\n","protected":false},"excerpt":{"rendered":"<p>Preis\u00fcbersicht f\u00fcr DSL Angebote: Nachfolgend eine kurze \u00dcbersicht f\u00fcr die von uns angebotenen Tarife. Sie staffeln sich nach Inklusivvolumen und nach der angebotenen Geschwindigkeit, wobei immer zwischen Download und Upload Geschwindigkeit differenziert wird. Wir sind von unserem Produkt so \u00fcberzeugt, das Sie es zwei Wochen lang kostenlos und unverbindlich testen k\u00f6nnen. Low-Surf Tarif 2000, 2000&hellip; <a href=\"https:\/\/richtfunk-hg.de\/?page_id=46\" class=\"more-link\">Weiterlesen <span class=\"screen-reader-text\">Produkte<\/span><\/a><\/p>\n","protected":false},"author":1,"featured_media":0,"parent":0,"menu_order":0,"comment_status":"closed","ping_status":"closed","template":"","meta":{"spay_email":""},"jetpack_shortlink":"https:\/\/wp.me\/P9fu7c-K","_links":{"self":[{"href":"https:\/\/richtfunk-hg.de\/index.php?rest_route=\/wp\/v2\/pages\/46"}],"collection":[{"href":"https:\/\/richtfunk-hg.de\/index.php?rest_route=\/wp\/v2\/pages"}],"about":[{"href":"https:\/\/richtfunk-hg.de\/index.php?rest_route=\/wp\/v2\/types\/page"}],"author":[{"embeddable":true,"href":"https:\/\/richtfunk-hg.de\/index.php?rest_route=\/wp\/v2\/users\/1"}],"replies":[{"embeddable":true,"href":"https:\/\/richtfunk-hg.de\/index.php?rest_route=%2Fwp%2Fv2%2Fcomments&post=46"}],"version-history":[{"count":1,"href":"https:\/\/richtfunk-hg.de\/index.php?rest_route=\/wp\/v2\/pages\/46\/revisions"}],"predecessor-version":[{"id":2730,"href":"https:\/\/richtfunk-hg.de\/index.php?rest_route=\/wp\/v2\/pages\/46\/revisions\/2730"}],"wp:attachment":[{"href":"https:\/\/richtfunk-hg.de\/index.php?rest_route=%2Fwp%2Fv2%2Fmedia&parent=46"}],"curies":[{"name":"wp","href":"https:\/\/api.w.org\/{rel}","templated":true}]}}