{"id":48,"date":"2017-08-21T10:28:52","date_gmt":"2017-08-21T10:28:52","guid":{"rendered":"http:\/\/richtfunk-hg.de\/?page_id=48"},"modified":"2022-07-13T08:56:54","modified_gmt":"2022-07-13T08:56:54","slug":"impressum","status":"publish","type":"page","link":"https:\/\/richtfunk-hg.de\/?page_id=48","title":{"rendered":"Impressum"},"content":{"rendered":"<h3>Verantwortlich f\u00fcr den Inhalt und Sitz der Firma<\/h3>\n<p>Wolff A. Ehrhardt<br \/>\nLandgrafenstr. 50<br \/>\n61350 Bad Homburg<br \/>\nTelefon : 06172-8039977<br \/>\nUST-ID: DE 188662922<br \/>\nGl\u00e4ubiger-ID lautet DE95ZZZ00000480349<br \/>\nE-Mail : kontakt(at)funknetz-hg.de<\/p>\n<h3>Lieferadresse<\/h3>\n<p>Funknetz HG<br \/>\nLandgrafenstr. 50<br \/>\n61350 Bad Homburg<\/p>\n<p><span style=\"color: #ff0000;\"><strong>(Versand grunds\u00e4tzlich nur &#8222;frei&#8220;. Unfreie Ware wird nicht angenommen)<\/strong><\/span><\/p>\n<h3>Hinweis gem\u00e4\u00df Teledienstgesetz:<\/h3>\n<p>F\u00fcr Websites Dritter, auf die der Herausgeber durch so genannte Links verweist, tragen die jeweiligen Anbieter die Verantwortung. Der Herausgeber ist f\u00fcr den Inhalt solcher Sites Dritter nicht verantwortlich. Des weiteren kann die Website des Herausgebers ohne dessen Wissen von anderen Websites mittels so genannter Links angelinkt werden. Der Herausgeber \u00fcbernimmt keine Verantwortung f\u00fcr Darstellungen, Inhalt oder irgendeine Verbindung zur Parteigliederung des Herausgebers in Websites Dritter. F\u00fcr fremde Inhalte ist der Herausgeber nur dann verantwortlich, wenn er von ihnen (d.h. auch von einem rechtswidrigen oder strafbaren Inhalt) positive Kenntnis hat und es dem Herausgeber technisch m\u00f6glich und zumutbar ist, deren Nutzung zu verhindern. Der Herausgeber ist nach dem Teledienstgesetz jedoch nicht verpflichtet, die fremden Inhalte st\u00e4ndig zu \u00fcberpr\u00fcfen.<\/p>\n<h3>Datenschutz:<\/h3>\n<p>In Verbindung mit Ihrer Nutzung unseres Internetangebots werden auf unseren Servern Protokolle \u00fcber Ihre Zugriffe gespeichert. Das sind Daten \u00fcber die IP-Adresse Ihres Rechners oder des Proxy-Servers, die Seite, von der aus die Datei angefordert wurde, der Name der angeforderten Datei, das Datum, Uhrzeit und Dauer der Anforderung, die \u00fcbertragene Datenmenge, der Browser sowie der Zugriffsstatus. Diese gespeicherten Daten werden ausschlie\u00dflich zu statistischen Zwecken ausgewertet und auf keinen Fall an Dritte weitergeleitet. Es findet keine personenbezogene Verwertung statt. Im Rahmen der Bereitstellung dieses Internetangebotes werden keine Cookies verwendet.<\/p>\n","protected":false},"excerpt":{"rendered":"<p>Verantwortlich f\u00fcr den Inhalt und Sitz der Firma Wolff A. Ehrhardt Landgrafenstr. 50 61350 Bad Homburg Telefon : 06172-8039977 UST-ID: DE 188662922 Gl\u00e4ubiger-ID lautet DE95ZZZ00000480349 E-Mail : kontakt(at)funknetz-hg.de Lieferadresse Funknetz HG Landgrafenstr. 50 61350 Bad Homburg (Versand grunds\u00e4tzlich nur &#8222;frei&#8220;. Unfreie Ware wird nicht angenommen) Hinweis gem\u00e4\u00df Teledienstgesetz: F\u00fcr Websites Dritter, auf die der Herausgeber&hellip; <a href=\"https:\/\/richtfunk-hg.de\/?page_id=48\" class=\"more-link\">Weiterlesen <span class=\"screen-reader-text\">Impressum<\/span><\/a><\/p>\n","protected":false},"author":1,"featured_media":0,"parent":161,"menu_order":0,"comment_status":"closed","ping_status":"closed","template":"","meta":{"spay_email":""},"jetpack_shortlink":"https:\/\/wp.me\/P9fu7c-M","_links":{"self":[{"href":"https:\/\/richtfunk-hg.de\/index.php?rest_route=\/wp\/v2\/pages\/48"}],"collection":[{"href":"https:\/\/richtfunk-hg.de\/index.php?rest_route=\/wp\/v2\/pages"}],"about":[{"href":"https:\/\/richtfunk-hg.de\/index.php?rest_route=\/wp\/v2\/types\/page"}],"author":[{"embeddable":true,"href":"https:\/\/richtfunk-hg.de\/index.php?rest_route=\/wp\/v2\/users\/1"}],"replies":[{"embeddable":true,"href":"https:\/\/richtfunk-hg.de\/index.php?rest_route=%2Fwp%2Fv2%2Fcomments&post=48"}],"version-history":[{"count":5,"href":"https:\/\/richtfunk-hg.de\/index.php?rest_route=\/wp\/v2\/pages\/48\/revisions"}],"predecessor-version":[{"id":2839,"href":"https:\/\/richtfunk-hg.de\/index.php?rest_route=\/wp\/v2\/pages\/48\/revisions\/2839"}],"up":[{"embeddable":true,"href":"https:\/\/richtfunk-hg.de\/index.php?rest_route=\/wp\/v2\/pages\/161"}],"wp:attachment":[{"href":"https:\/\/richtfunk-hg.de\/index.php?rest_route=%2Fwp%2Fv2%2Fmedia&parent=48"}],"curies":[{"name":"wp","href":"https:\/\/api.w.org\/{rel}","templated":true}]}}